{"id":357,"date":"2026-01-26T20:26:29","date_gmt":"2026-01-26T19:26:29","guid":{"rendered":"https:\/\/ofgantschier.at\/wp\/?page_id=357"},"modified":"2026-01-29T20:30:59","modified_gmt":"2026-01-29T19:30:59","slug":"datenschutzerklaerung","status":"publish","type":"page","link":"https:\/\/ofgantschier.at\/wp\/datenschutzerklaerung\/","title":{"rendered":"Datenschutzerkl\u00e4rung"},"content":{"rendered":"<section  class='av_textblock_section av-mkvkx469-a9cd447edcd0b6c44fecd40840399a20 '   itemscope=\"itemscope\" itemtype=\"https:\/\/schema.org\/CreativeWork\" ><div class='avia_textblock'  itemprop=\"text\" ><h1><\/h1>\n<h1 data-start=\"374\" data-end=\"396\">Datenschutzerkl\u00e4rung<\/h1>\n<h2 data-start=\"398\" data-end=\"415\">1. Allgemeines<\/h2>\n<p data-start=\"417\" data-end=\"725\">Der Schutz personenbezogener Daten ist der Ortsfeuerwehr Gantschier ein wichtiges Anliegen.<br data-start=\"508\" data-end=\"511\" \/>In dieser Datenschutzerkl\u00e4rung informieren wir dar\u00fcber, welche personenbezogenen Daten beim Besuch dieser Website verarbeitet werden, zu welchen Zwecken dies erfolgt und welche Rechte betroffenen Personen zustehen.<\/p>\n<hr data-start=\"727\" data-end=\"730\" \/>\n<h2 data-start=\"732\" data-end=\"754\">2. Verantwortlicher<\/h2>\n<p data-start=\"756\" data-end=\"850\">Verantwortlich f\u00fcr die Datenverarbeitung im Sinne der Datenschutz-Grundverordnung (DSGVO) ist:<\/p>\n<p>Ortsfeuerwehr Gantschier<br data-start=\"880\" data-end=\"883\" \/>Siedlung Kaltenbrunnen 4<br data-start=\"907\" data-end=\"910\" \/>6780 Schruns<br data-start=\"922\" data-end=\"925\" \/>\u00d6sterreich<\/p>\n<p data-start=\"939\" data-end=\"978\">E-Mail: <a class=\"decorated-link cursor-pointer\" rel=\"noopener\" data-start=\"949\" data-end=\"976\">feuerwehr.gantschier@vol.at<\/a><\/p>\n<hr data-start=\"980\" data-end=\"983\" \/>\n<h2 data-start=\"985\" data-end=\"1010\">3. Hosting der Website<\/h2>\n<p data-start=\"1012\" data-end=\"1224\">Diese Website wird bei einem externen Hosting-Dienstleister betrieben.<br data-start=\"1082\" data-end=\"1085\" \/>Beim Aufruf der Website werden durch den Hosting-Provider automatisch Informationen erfasst und in sogenannten Server-Logfiles gespeichert.<\/p>\n<p data-start=\"1226\" data-end=\"1279\">Dabei werden insbesondere folgende Daten verarbeitet:<\/p>\n<ul data-start=\"1280\" data-end=\"1440\">\n<li data-start=\"1280\" data-end=\"1292\">\n<p data-start=\"1282\" data-end=\"1292\">IP-Adresse<\/p>\n<\/li>\n<li data-start=\"1293\" data-end=\"1325\">\n<p data-start=\"1295\" data-end=\"1325\">Datum und Uhrzeit des Zugriffs<\/p>\n<\/li>\n<li data-start=\"1326\" data-end=\"1359\">\n<p data-start=\"1328\" data-end=\"1359\">aufgerufene Seiten bzw. Dateien<\/p>\n<\/li>\n<li data-start=\"1360\" data-end=\"1400\">\n<p data-start=\"1362\" data-end=\"1400\">verwendeter Browser und Betriebssystem<\/p>\n<\/li>\n<li data-start=\"1401\" data-end=\"1415\">\n<p data-start=\"1403\" data-end=\"1415\">Referrer-URL<\/p>\n<\/li>\n<li data-start=\"1416\" data-end=\"1440\">\n<p data-start=\"1418\" data-end=\"1440\">\u00fcbertragene Datenmenge<\/p>\n<\/li>\n<\/ul>\n<p data-start=\"1442\" data-end=\"1557\">Die Verarbeitung erfolgt zur Sicherstellung des technischen Betriebs, zur Systemsicherheit sowie zur Fehleranalyse.<\/p>\n<h4 data-start=\"4011\" data-end=\"4136\"><strong data-start=\"4011\" data-end=\"4031\">Rechtsgrundlage:<\/strong><\/h4>\n<p data-start=\"1559\" data-end=\"1771\">Art. 6 Abs. 1 lit. e DSGVO (Wahrnehmung einer Aufgabe im \u00f6ffentlichen Interesse)<br data-start=\"1662\" data-end=\"1665\" \/>sowie erg\u00e4nzend Art. 6 Abs. 1 lit. f DSGVO (berechtigtes Interesse an einem sicheren Betrieb der Website).<\/p>\n<hr data-start=\"1773\" data-end=\"1776\" \/>\n<h2 data-start=\"1778\" data-end=\"1791\">4. Cookies<\/h2>\n<p data-start=\"1793\" data-end=\"1955\">Diese Website verwendet ausschlie\u00dflich technisch notwendige Cookies, die f\u00fcr den Betrieb und die Sicherheit der Website erforderlich sind (z. B. Session-Cookies).<\/p>\n<p data-start=\"1957\" data-end=\"2031\">Es werden keine Analyse-, Tracking- oder Marketing-Cookies eingesetzt.<\/p>\n<p data-start=\"2033\" data-end=\"2155\">Technisch notwendige Cookies k\u00f6nnen nicht deaktiviert werden, da sie f\u00fcr die Funktionalit\u00e4t der Website erforderlich sind.<\/p>\n<h4 data-start=\"4011\" data-end=\"4136\"><strong data-start=\"4011\" data-end=\"4031\">Rechtsgrundlage:<\/strong><\/h4>\n<p data-start=\"2157\" data-end=\"2206\">Art. 6 Abs. 1 lit. e DSGVO<\/p>\n<hr data-start=\"2208\" data-end=\"2211\" \/>\n<h2 data-start=\"2213\" data-end=\"2230\">5. Google Maps<\/h2>\n<p data-start=\"2232\" data-end=\"2306\">Auf dieser Website werden Karten des Dienstes Google Maps eingebunden.<\/p>\n<p data-start=\"2308\" data-end=\"2389\">Anbieter:<br \/>\nGoogle Ireland Limited<br data-start=\"2340\" data-end=\"2343\" \/>Gordon House, Barrow Street<br data-start=\"2370\" data-end=\"2373\" \/>Dublin 4, Irland<\/p>\n<p data-start=\"2391\" data-end=\"2586\">Beim Aufruf von Seiten mit eingebetteten Google-Maps-Inhalten wird Ihre IP-Adresse an Google \u00fcbermittelt. Dabei kann es auch zu einer \u00dcbertragung von Daten an Server von Google in den USA kommen.<\/p>\n<p data-start=\"2588\" data-end=\"2716\">Die Nutzung von Google Maps erfolgt im Interesse einer ansprechenden Darstellung und zur leichten Auffindbarkeit von Standorten.<\/p>\n<h4 data-start=\"4011\" data-end=\"4136\"><strong data-start=\"4011\" data-end=\"4031\">Rechtsgrundlage:<\/strong><\/h4>\n<p data-start=\"2718\" data-end=\"2767\">Art. 6 Abs. 1 lit. e DSGVO<\/p>\n<p data-start=\"2769\" data-end=\"2823\">Weitere Informationen:<br \/>\nDatenschutzerkl\u00e4rung von Google<\/p>\n<hr data-start=\"2825\" data-end=\"2828\" \/>\n<h2 data-start=\"2830\" data-end=\"2871\">6. Social Media (Facebook &amp; Instagram)<\/h2>\n<p data-start=\"2873\" data-end=\"2971\">Auf dieser Website sind Verlinkungen bzw. Einbindungen zu folgenden sozialen Netzwerken vorhanden:<\/p>\n<ul data-start=\"2973\" data-end=\"3063\">\n<li data-start=\"2973\" data-end=\"3017\">\n<p data-start=\"2975\" data-end=\"3017\">Facebook (Meta Platforms Ireland Ltd.)<\/p>\n<\/li>\n<li data-start=\"3018\" data-end=\"3063\">\n<p data-start=\"3020\" data-end=\"3063\">Instagram (Meta Platforms Ireland Ltd.)<\/p>\n<\/li>\n<\/ul>\n<p data-start=\"3065\" data-end=\"3270\">Beim Anklicken entsprechender Inhalte k\u00f6nnen personenbezogene Daten (z. B. IP-Adresse) an die jeweiligen Anbieter \u00fcbertragen werden. Es gelten die Datenschutzbestimmungen der jeweiligen Plattformbetreiber.<\/p>\n<p data-start=\"3272\" data-end=\"3393\">Die Ortsfeuerwehr Gantschier hat keinen Einfluss auf Art und Umfang der durch die sozialen Netzwerke verarbeiteten Daten.<\/p>\n<h4 data-start=\"4011\" data-end=\"4136\"><strong data-start=\"4011\" data-end=\"4031\">Rechtsgrundlage:<\/strong><\/h4>\n<p data-start=\"3395\" data-end=\"3468\">Art. 6 Abs. 1 lit. e DSGVO (\u00d6ffentlichkeitsarbeit)<\/p>\n<hr data-start=\"3470\" data-end=\"3473\" \/>\n<h2 data-start=\"3475\" data-end=\"3537\">7. Fotos von Eins\u00e4tzen, Veranstaltungen und Feuerwehrjugend<\/h2>\n<p data-start=\"3539\" data-end=\"3575\">Auf dieser Website werden Fotos von:<\/p>\n<ul data-start=\"3576\" data-end=\"3677\">\n<li data-start=\"3576\" data-end=\"3587\">\n<p data-start=\"3578\" data-end=\"3587\">Eins\u00e4tzen<\/p>\n<\/li>\n<li data-start=\"3588\" data-end=\"3597\">\n<p data-start=\"3590\" data-end=\"3597\">\u00dcbungen<\/p>\n<\/li>\n<li data-start=\"3598\" data-end=\"3615\">\n<p data-start=\"3600\" data-end=\"3615\">Veranstaltungen<\/p>\n<\/li>\n<li data-start=\"3616\" data-end=\"3643\">\n<p data-start=\"3618\" data-end=\"3643\">Mitgliedern der Feuerwehr<\/p>\n<\/li>\n<li data-start=\"3644\" data-end=\"3677\">\n<p data-start=\"3646\" data-end=\"3677\">Mitgliedern der Feuerwehrjugend<\/p>\n<\/li>\n<\/ul>\n<p data-start=\"3679\" data-end=\"3694\">ver\u00f6ffentlicht.<\/p>\n<p data-start=\"3696\" data-end=\"3788\">Die Ver\u00f6ffentlichung erfolgt im Rahmen der gesetzlichen \u00d6ffentlichkeitsarbeit der Feuerwehr.<\/p>\n<p data-start=\"3790\" data-end=\"4009\">Bei Fotos von Kindern und Jugendlichen wird besonders auf einen verantwortungsvollen Umgang geachtet. Sollten berechtigte Interessen gegen eine Ver\u00f6ffentlichung sprechen, werden betroffene Inhalte unverz\u00fcglich entfernt.<\/p>\n<h4 data-start=\"4011\" data-end=\"4136\"><strong data-start=\"4011\" data-end=\"4031\">Rechtsgrundlage:<\/strong><\/h4>\n<p data-start=\"4011\" data-end=\"4136\">Art. 6 Abs. 1 lit. e DSGVO<br data-start=\"4060\" data-end=\"4063\" \/>bei besonderen F\u00e4llen erg\u00e4nzend Art. 6 Abs. 1 lit. a DSGVO (Einwilligung)<\/p>\n<p data-start=\"4138\" data-end=\"4210\">Betroffene Personen k\u00f6nnen der Ver\u00f6ffentlichung jederzeit widersprechen.<\/p>\n<hr data-start=\"4212\" data-end=\"4215\" \/>\n<h2 data-start=\"4217\" data-end=\"4243\">8. Weitergabe von Daten<\/h2>\n<p data-start=\"4245\" data-end=\"4297\">Eine Weitergabe personenbezogener Daten erfolgt nur:<\/p>\n<ul data-start=\"4298\" data-end=\"4449\">\n<li data-start=\"4298\" data-end=\"4339\">\n<p data-start=\"4300\" data-end=\"4339\">wenn dies gesetzlich vorgeschrieben ist<\/p>\n<\/li>\n<li data-start=\"4340\" data-end=\"4411\">\n<p data-start=\"4342\" data-end=\"4411\">zur technischen Bereitstellung der Website (Hosting, externe Dienste)<\/p>\n<\/li>\n<li data-start=\"4412\" data-end=\"4449\">\n<p data-start=\"4414\" data-end=\"4449\">zur Abwehr von Sicherheitsvorf\u00e4llen<\/p>\n<\/li>\n<\/ul>\n<p data-start=\"4451\" data-end=\"4508\">Eine dar\u00fcber hinausgehende Weitergabe findet nicht statt.<\/p>\n<hr data-start=\"4510\" data-end=\"4513\" \/>\n<h2 data-start=\"4515\" data-end=\"4534\">9. Speicherdauer<\/h2>\n<p data-start=\"4536\" data-end=\"4692\">Personenbezogene Daten werden nur so lange gespeichert, wie dies f\u00fcr die genannten Zwecke erforderlich ist oder gesetzliche Aufbewahrungspflichten bestehen.<\/p>\n<p data-start=\"4694\" data-end=\"4787\">Server-Logdaten werden in der Regel nach sp\u00e4testens 3 Monaten gel\u00f6scht oder anonymisiert.<\/p>\n<hr data-start=\"4789\" data-end=\"4792\" \/>\n<h2 data-start=\"4794\" data-end=\"4832\">10. Rechte der betroffenen Personen<\/h2>\n<p data-start=\"4834\" data-end=\"4858\">Sie haben das Recht auf:<\/p>\n<ul data-start=\"4859\" data-end=\"5043\">\n<li data-start=\"4859\" data-end=\"4903\">\n<p data-start=\"4861\" data-end=\"4903\">Auskunft \u00fcber Ihre personenbezogenen Daten<\/p>\n<\/li>\n<li data-start=\"4859\" data-end=\"4903\">\n<p data-start=\"4861\" data-end=\"4903\">Berichtigung unrichtiger Daten<\/p>\n<\/li>\n<li data-start=\"4937\" data-end=\"4983\">\n<p data-start=\"4939\" data-end=\"4983\">L\u00f6schung oder Einschr\u00e4nkung der Verarbeitung<\/p>\n<\/li>\n<li data-start=\"4984\" data-end=\"5020\">\n<p data-start=\"4986\" data-end=\"5020\">Widerspruch gegen die Verarbeitung<\/p>\n<\/li>\n<li data-start=\"5021\" data-end=\"5043\">\n<p data-start=\"5023\" data-end=\"5043\">Daten\u00fcbertragbarkeit<\/p>\n<\/li>\n<\/ul>\n<p data-start=\"5045\" data-end=\"5133\">Zudem haben Sie das Recht, Beschwerde bei der zust\u00e4ndigen Datenschutzbeh\u00f6rde einzulegen.<\/p>\n<h4 data-start=\"5135\" data-end=\"5236\">Zust\u00e4ndige Aufsichtsbeh\u00f6rde:<\/h4>\n<p data-start=\"5135\" data-end=\"5236\">\u00d6sterreichische Datenschutzbeh\u00f6rde<br data-start=\"5204\" data-end=\"5207\" \/>Barichgasse 40\u201342<br data-start=\"5224\" data-end=\"5227\" \/>1030 Wien<\/p>\n<hr data-start=\"5238\" data-end=\"5241\" \/>\n<h2 data-start=\"5243\" data-end=\"5285\">11. \u00c4nderungen der Datenschutzerkl\u00e4rung<\/h2>\n<p data-start=\"5287\" data-end=\"5422\">Diese Datenschutzerkl\u00e4rung kann bei Bedarf angepasst werden.<br data-start=\"5347\" data-end=\"5350\" \/>Es gilt jeweils die auf dieser Website ver\u00f6ffentlichte aktuelle Version.<\/p>\n<\/div><\/section>\n","protected":false},"excerpt":{"rendered":"","protected":false},"author":2,"featured_media":0,"parent":0,"menu_order":0,"comment_status":"closed","ping_status":"closed","template":"","meta":{"footnotes":""},"class_list":["post-357","page","type-page","status-publish","hentry"],"_links":{"self":[{"href":"https:\/\/ofgantschier.at\/wp\/wp-json\/wp\/v2\/pages\/357","targetHints":{"allow":["GET"]}}],"collection":[{"href":"https:\/\/ofgantschier.at\/wp\/wp-json\/wp\/v2\/pages"}],"about":[{"href":"https:\/\/ofgantschier.at\/wp\/wp-json\/wp\/v2\/types\/page"}],"author":[{"embeddable":true,"href":"https:\/\/ofgantschier.at\/wp\/wp-json\/wp\/v2\/users\/2"}],"replies":[{"embeddable":true,"href":"https:\/\/ofgantschier.at\/wp\/wp-json\/wp\/v2\/comments?post=357"}],"version-history":[{"count":8,"href":"https:\/\/ofgantschier.at\/wp\/wp-json\/wp\/v2\/pages\/357\/revisions"}],"predecessor-version":[{"id":704,"href":"https:\/\/ofgantschier.at\/wp\/wp-json\/wp\/v2\/pages\/357\/revisions\/704"}],"wp:attachment":[{"href":"https:\/\/ofgantschier.at\/wp\/wp-json\/wp\/v2\/media?parent=357"}],"curies":[{"name":"wp","href":"https:\/\/api.w.org\/{rel}","templated":true}]}}